{"id":90,"date":"2023-06-06T08:28:20","date_gmt":"2023-06-06T05:28:20","guid":{"rendered":"https:\/\/ellalounas.fi\/?page_id=90"},"modified":"2026-04-19T17:14:08","modified_gmt":"2026-04-19T14:14:08","slug":"lounas","status":"publish","type":"page","link":"https:\/\/ellalounas.fi\/index.php\/lounas\/","title":{"rendered":"Lounas"},"content":{"rendered":"\t\t<div data-elementor-type=\"wp-page\" data-elementor-id=\"90\" class=\"elementor elementor-90\" data-elementor-post-type=\"page\">\n\t\t\t\t<div class=\"elementor-element elementor-element-2a2f3cdd e-flex e-con-boxed e-con e-parent\" data-id=\"2a2f3cdd\" data-element_type=\"container\" data-e-type=\"container\" data-settings=\"{&quot;background_background&quot;:&quot;classic&quot;}\">\n\t\t\t\t\t<div class=\"e-con-inner\">\n\t\t\t\t<div class=\"elementor-element elementor-element-7e8353e1 elementor-widget elementor-widget-spacer\" data-id=\"7e8353e1\" data-element_type=\"widget\" data-e-type=\"widget\" data-widget_type=\"spacer.default\">\n\t\t\t\t<div class=\"elementor-widget-container\">\n\t\t\t\t\t\t\t<div class=\"elementor-spacer\">\n\t\t\t<div class=\"elementor-spacer-inner\"><\/div>\n\t\t<\/div>\n\t\t\t\t\t\t<\/div>\n\t\t\t\t<\/div>\n\t\t\t\t<div class=\"elementor-element elementor-element-425eb9c2 elementor-invisible elementor-widget elementor-widget-heading\" data-id=\"425eb9c2\" data-element_type=\"widget\" data-e-type=\"widget\" data-settings=\"{&quot;_animation&quot;:&quot;fadeInDown&quot;}\" data-widget_type=\"heading.default\">\n\t\t\t\t<div class=\"elementor-widget-container\">\n\t\t\t\t\t<h2 class=\"elementor-heading-title elementor-size-default\">Lounaslista<\/h2>\t\t\t\t<\/div>\n\t\t\t\t<\/div>\n\t\t\t\t<div class=\"elementor-element elementor-element-2da64f9 elementor-widget-divider--view-line_icon elementor-view-default elementor-widget-divider--element-align-center elementor-invisible elementor-widget elementor-widget-divider\" data-id=\"2da64f9\" data-element_type=\"widget\" data-e-type=\"widget\" data-settings=\"{&quot;_animation&quot;:&quot;fadeIn&quot;,&quot;_animation_delay&quot;:500}\" data-widget_type=\"divider.default\">\n\t\t\t\t<div class=\"elementor-widget-container\">\n\t\t\t\t\t\t\t<div class=\"elementor-divider\">\n\t\t\t<span class=\"elementor-divider-separator\">\n\t\t\t\t\t\t\t<div class=\"elementor-icon elementor-divider__element\">\n\t\t\t\t\t<i aria-hidden=\"true\" class=\"fas fa-star\"><\/i><\/div>\n\t\t\t\t\t\t<\/span>\n\t\t<\/div>\n\t\t\t\t\t\t<\/div>\n\t\t\t\t<\/div>\n\t\t\t\t<div class=\"elementor-element elementor-element-12309d38 elementor-widget elementor-widget-spacer\" data-id=\"12309d38\" data-element_type=\"widget\" data-e-type=\"widget\" data-widget_type=\"spacer.default\">\n\t\t\t\t<div class=\"elementor-widget-container\">\n\t\t\t\t\t\t\t<div class=\"elementor-spacer\">\n\t\t\t<div class=\"elementor-spacer-inner\"><\/div>\n\t\t<\/div>\n\t\t\t\t\t\t<\/div>\n\t\t\t\t<\/div>\n\t\t\t\t<div class=\"elementor-element elementor-element-85cf050 elementor-widget elementor-widget-text-editor\" data-id=\"85cf050\" data-element_type=\"widget\" data-e-type=\"widget\" data-widget_type=\"text-editor.default\">\n\t\t\t\t<div class=\"elementor-widget-container\">\n\t\t\t\t\t\t\t\t\t<p><em><strong>Hox. Lounasbuffet sis\u00e4lt\u00e4\u00e4 salaattip\u00f6yd\u00e4n, p\u00e4ivitt\u00e4in vaihtuvat l\u00e4mpim\u00e4t ruoat, pizzabuffet, leiv\u00e4t ja levitteet, j\u00e4lkiruoan ja kahvi\/tee<\/strong><\/em><\/p><p><strong>Viikko 17<\/strong><\/p><p>Maanantai<\/p><p>Lasagne L<\/p><p>Jauhelihamureke G,L<\/p><p>Kanaa kantarellikastikkeessa G,L<\/p><p>Perunamuusi G,L\u00a0<\/p><p>Talon kebab\/kasvikset\/riisi G,L\u00a0<\/p><p>Kev\u00e4tk\u00e4\u00e4ryleet\/Rapeaksi paistetut wingsit G,L<\/p><p>Pizza buffet (G)<\/p><p>Tiistai<\/p><p>Burgerit G,L<\/p><p>Kanaa ja kasviksia G,L<\/p><p>Nyht\u00f6possu G,L<\/p><p>Maustetut perunat G,L\u00a0<\/p><p>Talon kebab\/kasvikset\/riisi G,L\u00a0<\/p><p>Kev\u00e4tk\u00e4\u00e4ryleet\/Rapeaksi paistetut wingsit G,L<\/p><p>Pizza buffet (G)<\/p><p>Keskiviikko<\/p><p>Naudanlihaa sienikastikkeessa G,L<\/p><p>Kanavartaat G,L<\/p><p>Kebab adana G,L<\/p><p>Perunamuusi G,L\u00a0<\/p><p>Talon kebab\/kasvikset\/riisi G,L\u00a0<\/p><p>Kev\u00e4tk\u00e4\u00e4ryleet\/Rapeaksi paistetut wingsit G,L<\/p><p>Pizza buffet (G)<\/p><p>Torstai<\/p><p>Lehtipihvej\u00e4 maustetulla voilla G,L<\/p><p>Kanakastike G,L<\/p><p>Salami mac &amp; cheese L<\/p><p>Perunamuusi G,L\u00a0<\/p><p>Talon kebab\/kasvikset\/riisi G,L\u00a0<\/p><p>Kev\u00e4tk\u00e4\u00e4ryleet\/Rapeaksi paistetut wingsit G,L<\/p><p>Pizza buffet (G)<\/p><p>Perjantai<\/p><p>Paistettu lohi G,L<\/p><p>Texmex-vuoka G,L<\/p><p>Kanaa pippurikastikkeessa G,L<\/p><p>Perunamuusi G,L\u00a0<\/p><p>Talon kebab\/kasvikset\/riisi G,L\u00a0<\/p><p>Kev\u00e4tk\u00e4\u00e4ryleet\/Rapeaksi paistetut wingsit G,L<\/p><p>Pizza buffet (G)<\/p>\t\t\t\t\t\t\t\t<\/div>\n\t\t\t\t<\/div>\n\t\t\t\t\t<\/div>\n\t\t\t\t<\/div>\n\t\t\t\t<\/div>\n\t\t","protected":false},"excerpt":{"rendered":"<p>Lounaslista Hox. Lounasbuffet sis\u00e4lt\u00e4\u00e4 salaattip\u00f6yd\u00e4n, p\u00e4ivitt\u00e4in vaihtuvat l\u00e4mpim\u00e4t ruoat, pizzabuffet, leiv\u00e4t ja levitteet, j\u00e4lkiruoan ja kahvi\/tee Viikko 17 Maanantai Lasagne L Jauhelihamureke G,L Kanaa kantarellikastikkeessa G,L Perunamuusi G,L\u00a0 Talon kebab\/kasvikset\/riisi G,L\u00a0 Kev\u00e4tk\u00e4\u00e4ryleet\/Rapeaksi paistetut wingsit G,L Pizza buffet (G) Tiistai Burgerit G,L Kanaa ja kasviksia G,L Nyht\u00f6possu G,L Maustetut perunat G,L\u00a0 Talon kebab\/kasvikset\/riisi G,L\u00a0 Kev\u00e4tk\u00e4\u00e4ryleet\/Rapeaksi paistetut [&hellip;]<\/p>\n","protected":false},"author":1,"featured_media":0,"parent":0,"menu_order":0,"comment_status":"closed","ping_status":"closed","template":"","meta":{"footnotes":""},"class_list":["post-90","page","type-page","status-publish","hentry"],"_links":{"self":[{"href":"https:\/\/ellalounas.fi\/index.php\/wp-json\/wp\/v2\/pages\/90","targetHints":{"allow":["GET"]}}],"collection":[{"href":"https:\/\/ellalounas.fi\/index.php\/wp-json\/wp\/v2\/pages"}],"about":[{"href":"https:\/\/ellalounas.fi\/index.php\/wp-json\/wp\/v2\/types\/page"}],"author":[{"embeddable":true,"href":"https:\/\/ellalounas.fi\/index.php\/wp-json\/wp\/v2\/users\/1"}],"replies":[{"embeddable":true,"href":"https:\/\/ellalounas.fi\/index.php\/wp-json\/wp\/v2\/comments?post=90"}],"version-history":[{"count":622,"href":"https:\/\/ellalounas.fi\/index.php\/wp-json\/wp\/v2\/pages\/90\/revisions"}],"predecessor-version":[{"id":982,"href":"https:\/\/ellalounas.fi\/index.php\/wp-json\/wp\/v2\/pages\/90\/revisions\/982"}],"wp:attachment":[{"href":"https:\/\/ellalounas.fi\/index.php\/wp-json\/wp\/v2\/media?parent=90"}],"curies":[{"name":"wp","href":"https:\/\/api.w.org\/{rel}","templated":true}]}}